{"id":900,"date":"2010-06-02T06:31:34","date_gmt":"2010-06-02T04:31:34","guid":{"rendered":"http:\/\/www.sk5aa.se\/?page_id=900"},"modified":"2021-02-10T20:48:59","modified_gmt":"2021-02-10T19:48:59","slug":"dx-pa-35-mhz","status":"publish","type":"page","link":"https:\/\/www.sk5aa.se\/?page_id=900","title":{"rendered":"DX p\u00e5 3,5 MHz"},"content":{"rendered":"\n<h4 class=\"wp-block-heading\">DX p\u00e5 80m k\u00f6r man f\u00f6retr\u00e4desvis under vinterhalv\u00e5ret.<\/h4>\n\n\n\n<p class=\"wp-block-paragraph\">F\u00f6r att f\u00e5 kontakt b\u00f6r b\u00e5da stationerna befinna sig p\u00e5 den m\u00f6rka sidan av jordklotet, d.v.s. d\u00e4r det r\u00e5kar vara natt. P\u00e5 morgonen vid v\u00e5r soluppg\u00e5ng k\u00f6r man DX-stationer som befinner sig v\u00e4sterut. P\u00e5 kv\u00e4llen k\u00f6r man DX-stationer som befinner sig \u00f6sterut kring deras soluppg\u00e5ng. Kring soluppg\u00e5ngen f\u00f6rst\u00e4rks i allm\u00e4nhet signalerna under n\u00e5gra minuter och d\u00e5 kan man passa p\u00e5. Efter soluppg\u00e5ngen blir signalerna allt svagare och f\u00f6rsvinner helt efter ett tag, det kan vara upp till en timme. Det g\u00e5r givetvis att k\u00f6ra DX \u00e4ven d\u00e5 inte n\u00e5gon av stationerna har soluppg\u00e5ng, men signalerna kan vara svaga.<\/p>\n\n\n\n<p class=\"wp-block-paragraph\">Under CQWW CW och ARRL DX Contest brukar jag f\u00f6rs\u00f6ka k\u00f6ra W-stns p\u00e5 80m. Det kan vara kul att f\u00f6rs\u00f6ka k\u00f6ra n\u00e5gra nya stater, l\u00e4nder och zoner om m\u00f6jligt. Det blir ju d\u00e5 runt v\u00e5r soluppg\u00e5ng. Sedan kan det vara intressant att f\u00f6rs\u00f6ka k\u00f6ra W-stationer (USA), s\u00e5 l\u00e4nge som m\u00f6jligt efter soluppg\u00e5ngen. Jag har nog k\u00f6rt en del 1\u00bd timma efter! Signalerna blir svagare och svagare och sjunker till en viskning nere i bruset. D\u00e5 g\u00e4ller det att spetsa \u00f6ronen! Dra p\u00e5 volymen, kompensera med RF gain, koppla in smalaste CW-filtret och ev. separat lyssnings-antenn.<\/p>\n\n\n\n<p class=\"wp-block-paragraph\">Man f\u00e5r ocks\u00e5 s\u00e4nda l\u00e5ngsam CW, s\u00e5 att motstationen kan uppfatta en i bruset. Ibland \u00e4r det QSB och flutter p\u00e5 sign. Som separat lyssningsantenn har jag en sk\u00e4rmad loop. Den fungerar b\u00e4st p\u00e5 inte alltf\u00f6r svaga sigs, eftersom den d\u00e4mpar mottagningen. Man slipper knaster och sprak och det blir njutbarare mottagning. Antennen hj\u00e4lper \u00e4ven vid s.k. statiskt regn, d\u00e5 det kan spraka ordentligt i mottagaren.<\/p>\n\n\n\n<p class=\"wp-block-paragraph\">Om man har stor tomt borde en Beverage antenn vara toppen eller en K9AY low noise antenna. Man skulle \u00f6nska sig en stor antenn f\u00f6r 80m, men det \u00e4r ju inte m\u00f6jligt i stadsmilj\u00f6. I mitt fall har jag en half sloper med fyra motvikter. Matningspunkten befinner sig 10m \u00f6ver backen och motvikterna ligger p\u00e5 taket. SWR 1:1 p\u00e5&nbsp; CW-delen. Denna antenn har fungerat b\u00e4st p\u00e5 80m DX. Tidigare har jag p\u00e5 den lilla tomten f\u00f6rs\u00f6kt med dipoler med kr\u00f6kta ben som ett W o.s.v\u2026.<\/p>\n\n\n\n<p class=\"wp-block-paragraph\">Med denna enkla antenn har jag k\u00f6rt ihop 80m kontakterna till mitt 5BDXCC och nu jagar jag de sista 7 zonerna p\u00e5 80m f\u00f6r att f\u00e5 mitt 5BWAZ komplett.<\/p>\n\n\n\n<p class=\"has-text-align-right wp-block-paragraph\"><em>Lennart SM5ENX<\/em><\/p>\n","protected":false},"excerpt":{"rendered":"<p>DX p\u00e5 80m k\u00f6r man f\u00f6retr\u00e4desvis under vinterhalv\u00e5ret. F\u00f6r att f\u00e5 kontakt b\u00f6r b\u00e5da stationerna befinna sig p\u00e5 den m\u00f6rka sidan av jordklotet, d.v.s. d\u00e4r det r\u00e5kar vara natt. P\u00e5 morgonen vid v\u00e5r soluppg\u00e5ng k\u00f6r man DX-stationer som befinner sig v\u00e4sterut. P\u00e5 kv\u00e4llen k\u00f6r man DX-stationer som befinner sig \u00f6sterut kring deras soluppg\u00e5ng. Kring soluppg\u00e5ngen&hellip;&nbsp;<a href=\"https:\/\/www.sk5aa.se\/?page_id=900\" rel=\"bookmark\">L\u00e4s mer &raquo;<span class=\"screen-reader-text\">DX p\u00e5 3,5 MHz<\/span><\/a><\/p>\n","protected":false},"author":5,"featured_media":0,"parent":667,"menu_order":0,"comment_status":"closed","ping_status":"closed","template":"","meta":{"_crdt_document":"","neve_meta_sidebar":"","neve_meta_container":"","neve_meta_enable_content_width":"","neve_meta_content_width":0,"neve_meta_title_alignment":"","neve_meta_author_avatar":"","neve_post_elements_order":"","neve_meta_disable_header":"","neve_meta_disable_footer":"","neve_meta_disable_title":"","_themeisle_gutenberg_block_has_review":false,"footnotes":""},"class_list":["post-900","page","type-page","status-publish","hentry"],"_links":{"self":[{"href":"https:\/\/www.sk5aa.se\/index.php?rest_route=\/wp\/v2\/pages\/900","targetHints":{"allow":["GET"]}}],"collection":[{"href":"https:\/\/www.sk5aa.se\/index.php?rest_route=\/wp\/v2\/pages"}],"about":[{"href":"https:\/\/www.sk5aa.se\/index.php?rest_route=\/wp\/v2\/types\/page"}],"author":[{"embeddable":true,"href":"https:\/\/www.sk5aa.se\/index.php?rest_route=\/wp\/v2\/users\/5"}],"replies":[{"embeddable":true,"href":"https:\/\/www.sk5aa.se\/index.php?rest_route=%2Fwp%2Fv2%2Fcomments&post=900"}],"version-history":[{"count":0,"href":"https:\/\/www.sk5aa.se\/index.php?rest_route=\/wp\/v2\/pages\/900\/revisions"}],"up":[{"embeddable":true,"href":"https:\/\/www.sk5aa.se\/index.php?rest_route=\/wp\/v2\/pages\/667"}],"wp:attachment":[{"href":"https:\/\/www.sk5aa.se\/index.php?rest_route=%2Fwp%2Fv2%2Fmedia&parent=900"}],"curies":[{"name":"wp","href":"https:\/\/api.w.org\/{rel}","templated":true}]}}