{"id":7321,"date":"2021-02-04T22:24:26","date_gmt":"2021-02-04T21:24:26","guid":{"rendered":"http:\/\/www.sk5aa.se\/?page_id=7321"},"modified":"2024-01-07T17:13:04","modified_gmt":"2024-01-07T16:13:04","slug":"svxlink","status":"publish","type":"page","link":"https:\/\/www.sk5aa.se\/?page_id=7321","title":{"rendered":"SvxLink"},"content":{"rendered":"\n<p class=\"wp-block-paragraph\"><strong>Analog repeater \/ SVXLink Logik<\/strong><\/p>\n\n\n\n<p class=\"wp-block-paragraph\">SVXLink \u00e4r ett logik program som k\u00f6rs p\u00e5 en Linux dator exempelvis en Raspberry Pi. Logiken har flera s\u00e5 kallade moduler och vi kan v\u00e4lja mellan olika moduler som t ex:<\/p>\n\n\n\n<ul class=\"wp-block-list\">\n<li>Repeaterlogik, som styr sj\u00e4lva repeater funktionen.<\/li>\n\n\n\n<li>Echolink, styr alla funktioner som har med echolink att g\u00f6ra.<\/li>\n\n\n\n<li>Papegojan, en modul som upprepar det som har sagts p\u00e5 repeatern, dvs f\u00f6r att kunna h\u00f6ra hur man sj\u00e4lv l\u00e5ter p\u00e5 repeatern.<\/li>\n\n\n\n<li>Reflectorlogik. en modul som till\u00e5ter att repeatern kan koppla upp sig mot andra repeatrar via ett n\u00e4tverk intran\u00e4t eller internet.<\/li>\n<\/ul>\n\n\n\n<h3 class=\"wp-block-heading\">L\u00e4nkar och dokument<\/h3>\n\n\n\n<p class=\"wp-block-paragraph\"><a href=\"http:\/\/sk3w.se\/dokuwiki\/doku.php?id=svxreflector\" target=\"_blank\" rel=\"noreferrer noopener\">Anv\u00e4ndning av SvxReflector<\/a><br><a href=\"https:\/\/svxportal.sm2ampr.net\/\">Svx portal<\/a> <br><a href=\"https:\/\/radioinorr.se\/?page_id=377\">Svx Logic<\/a><br><a href=\"http:\/\/www.granudden.info\/Ham\/Repeatrar\/Dokument\/SvxLink%20mot%20nya%20h%C3%B6jder.pdf\">SvxLink mot nya h\u00f6jder<\/a> (PDF)<\/p>\n","protected":false},"excerpt":{"rendered":"<p>Analog repeater \/ SVXLink Logik SVXLink \u00e4r ett logik program som k\u00f6rs p\u00e5 en Linux dator exempelvis en Raspberry Pi. Logiken har flera s\u00e5 kallade moduler och vi kan v\u00e4lja mellan olika moduler som t ex: L\u00e4nkar och dokument Anv\u00e4ndning av SvxReflectorSvx portal Svx LogicSvxLink mot nya h\u00f6jder (PDF)<\/p>\n","protected":false},"author":5,"featured_media":0,"parent":710,"menu_order":6,"comment_status":"closed","ping_status":"closed","template":"","meta":{"_crdt_document":"","neve_meta_sidebar":"","neve_meta_container":"","neve_meta_enable_content_width":"","neve_meta_content_width":0,"neve_meta_title_alignment":"","neve_meta_author_avatar":"","neve_post_elements_order":"","neve_meta_disable_header":"","neve_meta_disable_footer":"","neve_meta_disable_title":"","_themeisle_gutenberg_block_has_review":false,"footnotes":""},"class_list":["post-7321","page","type-page","status-publish","hentry"],"_links":{"self":[{"href":"https:\/\/www.sk5aa.se\/index.php?rest_route=\/wp\/v2\/pages\/7321","targetHints":{"allow":["GET"]}}],"collection":[{"href":"https:\/\/www.sk5aa.se\/index.php?rest_route=\/wp\/v2\/pages"}],"about":[{"href":"https:\/\/www.sk5aa.se\/index.php?rest_route=\/wp\/v2\/types\/page"}],"author":[{"embeddable":true,"href":"https:\/\/www.sk5aa.se\/index.php?rest_route=\/wp\/v2\/users\/5"}],"replies":[{"embeddable":true,"href":"https:\/\/www.sk5aa.se\/index.php?rest_route=%2Fwp%2Fv2%2Fcomments&post=7321"}],"version-history":[{"count":0,"href":"https:\/\/www.sk5aa.se\/index.php?rest_route=\/wp\/v2\/pages\/7321\/revisions"}],"up":[{"embeddable":true,"href":"https:\/\/www.sk5aa.se\/index.php?rest_route=\/wp\/v2\/pages\/710"}],"wp:attachment":[{"href":"https:\/\/www.sk5aa.se\/index.php?rest_route=%2Fwp%2Fv2%2Fmedia&parent=7321"}],"curies":[{"name":"wp","href":"https:\/\/api.w.org\/{rel}","templated":true}]}}