{"id":7287,"date":"2021-02-01T23:21:51","date_gmt":"2021-02-01T22:21:51","guid":{"rendered":"http:\/\/www.sk5aa.se\/?page_id=7287"},"modified":"2024-01-07T21:46:25","modified_gmt":"2024-01-07T20:46:25","slug":"dmr","status":"publish","type":"page","link":"https:\/\/www.sk5aa.se\/?page_id=7287","title":{"rendered":"DMR"},"content":{"rendered":"\n<p class=\"wp-block-paragraph\"><strong>DMR st\u00e5r f\u00f6r digital mobilradio och \u00e4r en \u00f6ppen standard som utvecklats inom den kommersiella sidan. Motorola och Hytera \u00e4r tv\u00e5 stora tillverkare.<\/strong><\/p>\n\n\n\n<p class=\"has-background wp-block-paragraph\" style=\"background-color:#facc00\">OBS! d<em>enna sida \u00e4r under utveckling!<\/em><\/p>\n\n\n\n<h2 class=\"wp-block-heading\">VRK DMR Hotspot<\/h2>\n\n\n\n<pre class=\"wp-block-preformatted has-normal-font-size\">DMR ID  : 240515902<br>Call    : SM5WFD<br>Plats   : V\u00e4ster\u00e5s<br>H\u00e5rdvara: DVMega(MMDVM) <br>Effekt  : 0,02 Watt<br>TX      : 434,0 MHz<br>RX      : 434,0 MHz<br>CC      : 1<br>Status  : Linked in DMO mode<br>Ant h\u00f6jd: 12m \u00f6ver mark<br>Ant gain: 9.99 dBi<br><br>Master  : <a href=\"http:\/\/83.233.234.102\/status\/status.htm\" target=\"_blank\" rel=\"noreferrer noopener\">2401<\/a><\/pre>\n\n\n\n<h2 class=\"wp-block-heading\">Status<\/h2>\n\n\n\n<p class=\"wp-block-paragraph\">I drift <em>Ny frekvens sedan 2024-01-07<\/em><\/p>\n\n\n\n<h2 class=\"wp-block-heading\">L\u00e4nkar<\/h2>\n\n\n\n<p class=\"wp-block-paragraph\"><a rel=\"noreferrer noopener\" href=\"http:\/\/www.swedmr.se\/\" target=\"_blank\">SWEDMR<\/a><br><a rel=\"noreferrer noopener\" href=\"https:\/\/www.ssa.se\/digital\/dokument\/#elf_l1_RE1SIC0gTGF0aHVuZA\" target=\"_blank\">SSA DMR guide<\/a><br><a rel=\"noreferrer noopener\" href=\"https:\/\/brandmeister.network\/\" target=\"_blank\">Brandmeister<\/a><br><a rel=\"noreferrer noopener\" href=\"http:\/\/wp.sk3bg.se\/wp-content\/uploads\/2019\/10\/Raspberry-och-hotspottar-SM3GDT.pdf\" target=\"_blank\">Bygga egen hotspot<\/a><br>KD8CEC <a href=\"http:\/\/www.hamskey.com\/\" target=\"_blank\" rel=\"noreferrer noopener\">Hamskey<\/a> (DVpi)<br><\/p>\n","protected":false},"excerpt":{"rendered":"<p>DMR st\u00e5r f\u00f6r digital mobilradio och \u00e4r en \u00f6ppen standard som utvecklats inom den kommersiella sidan. Motorola och Hytera \u00e4r tv\u00e5 stora tillverkare. OBS! denna sida \u00e4r under utveckling! VRK DMR Hotspot DMR ID : 240515902Call : SM5WFDPlats : V\u00e4ster\u00e5sH\u00e5rdvara: DVMega(MMDVM) Effekt : 0,02 WattTX : 434,0 MHzRX : 434,0 MHzCC : 1Status : Linked&hellip;&nbsp;<a href=\"https:\/\/www.sk5aa.se\/?page_id=7287\" rel=\"bookmark\">L\u00e4s mer &raquo;<span class=\"screen-reader-text\">DMR<\/span><\/a><\/p>\n","protected":false},"author":5,"featured_media":0,"parent":0,"menu_order":6,"comment_status":"closed","ping_status":"closed","template":"","meta":{"_crdt_document":"","neve_meta_sidebar":"","neve_meta_container":"","neve_meta_enable_content_width":"","neve_meta_content_width":0,"neve_meta_title_alignment":"","neve_meta_author_avatar":"","neve_post_elements_order":"","neve_meta_disable_header":"","neve_meta_disable_footer":"","neve_meta_disable_title":"","_themeisle_gutenberg_block_has_review":false,"footnotes":""},"class_list":["post-7287","page","type-page","status-publish","hentry"],"_links":{"self":[{"href":"https:\/\/www.sk5aa.se\/index.php?rest_route=\/wp\/v2\/pages\/7287","targetHints":{"allow":["GET"]}}],"collection":[{"href":"https:\/\/www.sk5aa.se\/index.php?rest_route=\/wp\/v2\/pages"}],"about":[{"href":"https:\/\/www.sk5aa.se\/index.php?rest_route=\/wp\/v2\/types\/page"}],"author":[{"embeddable":true,"href":"https:\/\/www.sk5aa.se\/index.php?rest_route=\/wp\/v2\/users\/5"}],"replies":[{"embeddable":true,"href":"https:\/\/www.sk5aa.se\/index.php?rest_route=%2Fwp%2Fv2%2Fcomments&post=7287"}],"version-history":[{"count":0,"href":"https:\/\/www.sk5aa.se\/index.php?rest_route=\/wp\/v2\/pages\/7287\/revisions"}],"wp:attachment":[{"href":"https:\/\/www.sk5aa.se\/index.php?rest_route=%2Fwp%2Fv2%2Fmedia&parent=7287"}],"curies":[{"name":"wp","href":"https:\/\/api.w.org\/{rel}","templated":true}]}}