{"id":726,"date":"2010-04-30T19:25:46","date_gmt":"2010-04-30T17:25:46","guid":{"rendered":"http:\/\/www.sk5aa.se\/?page_id=726"},"modified":"2021-02-02T23:45:03","modified_gmt":"2021-02-02T22:45:03","slug":"125-khz","status":"publish","type":"page","link":"https:\/\/www.sk5aa.se\/?page_id=726","title":{"rendered":"12,5 kHz"},"content":{"rendered":"\n<h4 class=\"has-medium-gray-background-color has-background wp-block-heading\">Varf\u00f6r 12,5 kHz?<\/h4>\n\n\n\n<p class=\"wp-block-paragraph\">FMn, p\u00e5 2m bandet FM delen \u00e4r idag helkanal 12.5 kHz, s\u00e5 vid s\u00e4ndning\/mottagning  skall\/b\u00f6r radion st\u00e4llas in f\u00f6r 12,5 kHz. D\u00e5 minskar risken f\u00f6r att st\u00f6ra grannkanalen och att sj\u00e4lv f\u00e5 grannkanalsst\u00f6rningar.<\/p>\n\n\n\n<p class=\"wp-block-paragraph\">Detta kan \u00e4nd\u00e5 ske om radion \u00e4r n\u00e4ra en annan repeater eller s\u00e4ndare.&nbsp;Dessa st\u00f6rningar kan \u00e4ven bero p\u00e5 radions storsignal-egenskaper, tex om en handapparat eller mobilstation monteras med en antenn med h\u00f6gre gain \u00e4n mobilantennen.<\/p>\n\n\n\n<p class=\"wp-block-paragraph\">P\u00e5 radio med endast 25 kHz kan micken v\u00e4ndas, s\u00e5 att man prata in&nbsp;p\u00e5 mickens baksida, detta ger bara en l\u00e4gre modulation p\u00e5 s\u00e4ndningen, mottagningen \u00e4r lika bred.&nbsp;Anv\u00e4nd heller inte mer uteffekt (specielt om radion \u00e4r station\u00e4r) \u00e4n att signalen r\u00e4cker till. Fr\u00e5ga&nbsp; g\u00e4rna om l\u00e4sbarhet&nbsp; (RS)!.<\/p>\n","protected":false},"excerpt":{"rendered":"<p>Varf\u00f6r 12,5 kHz? FMn, p\u00e5 2m bandet FM delen \u00e4r idag helkanal 12.5 kHz, s\u00e5 vid s\u00e4ndning\/mottagning skall\/b\u00f6r radion st\u00e4llas in f\u00f6r 12,5 kHz. D\u00e5 minskar risken f\u00f6r att st\u00f6ra grannkanalen och att sj\u00e4lv f\u00e5 grannkanalsst\u00f6rningar. Detta kan \u00e4nd\u00e5 ske om radion \u00e4r n\u00e4ra en annan repeater eller s\u00e4ndare.&nbsp;Dessa st\u00f6rningar kan \u00e4ven bero p\u00e5 radions&hellip;&nbsp;<a href=\"https:\/\/www.sk5aa.se\/?page_id=726\" rel=\"bookmark\">L\u00e4s mer &raquo;<span class=\"screen-reader-text\">12,5 kHz<\/span><\/a><\/p>\n","protected":false},"author":5,"featured_media":0,"parent":710,"menu_order":2,"comment_status":"closed","ping_status":"closed","template":"","meta":{"_crdt_document":"","neve_meta_sidebar":"","neve_meta_container":"","neve_meta_enable_content_width":"","neve_meta_content_width":0,"neve_meta_title_alignment":"","neve_meta_author_avatar":"","neve_post_elements_order":"","neve_meta_disable_header":"","neve_meta_disable_footer":"","neve_meta_disable_title":"","_themeisle_gutenberg_block_has_review":false,"footnotes":""},"class_list":["post-726","page","type-page","status-publish","hentry"],"_links":{"self":[{"href":"https:\/\/www.sk5aa.se\/index.php?rest_route=\/wp\/v2\/pages\/726","targetHints":{"allow":["GET"]}}],"collection":[{"href":"https:\/\/www.sk5aa.se\/index.php?rest_route=\/wp\/v2\/pages"}],"about":[{"href":"https:\/\/www.sk5aa.se\/index.php?rest_route=\/wp\/v2\/types\/page"}],"author":[{"embeddable":true,"href":"https:\/\/www.sk5aa.se\/index.php?rest_route=\/wp\/v2\/users\/5"}],"replies":[{"embeddable":true,"href":"https:\/\/www.sk5aa.se\/index.php?rest_route=%2Fwp%2Fv2%2Fcomments&post=726"}],"version-history":[{"count":0,"href":"https:\/\/www.sk5aa.se\/index.php?rest_route=\/wp\/v2\/pages\/726\/revisions"}],"up":[{"embeddable":true,"href":"https:\/\/www.sk5aa.se\/index.php?rest_route=\/wp\/v2\/pages\/710"}],"wp:attachment":[{"href":"https:\/\/www.sk5aa.se\/index.php?rest_route=%2Fwp%2Fv2%2Fmedia&parent=726"}],"curies":[{"name":"wp","href":"https:\/\/api.w.org\/{rel}","templated":true}]}}