{"id":710,"date":"2010-04-30T19:20:28","date_gmt":"2010-04-30T17:20:28","guid":{"rendered":"http:\/\/www.sk5aa.se\/?page_id=710"},"modified":"2021-02-01T23:19:57","modified_gmt":"2021-02-01T22:19:57","slug":"repeater","status":"publish","type":"page","link":"https:\/\/www.sk5aa.se\/?page_id=710","title":{"rendered":"Repeater"},"content":{"rendered":"<h3>Information om VRK:s repeatrar<\/h3>\n<p>VRK\u2019s repeatrar \u00e4r bel\u00e4gna i V\u00e4ster\u00e5s och 2-meters repeatern har varit i drift sedan 1973.<br \/>\nRepeatern har ett stort t\u00e4ckningsomr\u00e5de och aktiviteten \u201dAirtime\u201d \u00e4r ganska h\u00f6g.<\/p>\n<h4><span style=\"text-decoration: underline;\">2 m repeater, FMn <\/span><\/h4>\n<pre>Kanal      : \u00a0RV62\u00a0 (R7)\r\nUt frekvens: \u00a0145.775 MHz\r\nIn frekvens: \u00a0145.175 MHz (-600 kHz skift)\r\nAktivering : \u00a0Subton 82,5 Hz \/ DTMF 5 \/ 1750 Hz<\/pre>\n<h4><span style=\"text-decoration: underline;\">70 cm repeater<\/span><\/h4>\n<pre>Kanal      : \u00a0\u00a0 \u00a0RU382 (RU7)\r\nUt frekvens: \u00a0\u00a0 \u00a0434.775 MHz\r\nIn frekvens: \u00a0\u00a0 \u00a0432.775 MHz (-2 MHz skift)\r\nAktivering : \u00a0\u00a0 \u00a01750 Hz\/ subton 82,5Hz<\/pre>\n<p>Echolinken fungerar tyv\u00e4rr inte f\u00f6r tillf\u00e4llet.<br \/>\nSe \u00e4ven handboken f\u00f6r info om trafikhandhavande mm<\/p>\n","protected":false},"excerpt":{"rendered":"<p>Information om VRK:s repeatrar VRK\u2019s repeatrar \u00e4r bel\u00e4gna i V\u00e4ster\u00e5s och 2-meters repeatern har varit i drift sedan 1973. Repeatern har ett stort t\u00e4ckningsomr\u00e5de och aktiviteten \u201dAirtime\u201d \u00e4r ganska h\u00f6g. 2 m repeater, FMn Kanal : \u00a0RV62\u00a0 (R7) Ut frekvens: \u00a0145.775 MHz In frekvens: \u00a0145.175 MHz (-600 kHz skift) Aktivering : \u00a0Subton 82,5 Hz \/&hellip;&nbsp;<a href=\"https:\/\/www.sk5aa.se\/?page_id=710\" rel=\"bookmark\">L\u00e4s mer &raquo;<span class=\"screen-reader-text\">Repeater<\/span><\/a><\/p>\n","protected":false},"author":5,"featured_media":0,"parent":0,"menu_order":5,"comment_status":"closed","ping_status":"closed","template":"","meta":{"_crdt_document":"","neve_meta_sidebar":"","neve_meta_container":"","neve_meta_enable_content_width":"","neve_meta_content_width":0,"neve_meta_title_alignment":"","neve_meta_author_avatar":"","neve_post_elements_order":"","neve_meta_disable_header":"","neve_meta_disable_footer":"","neve_meta_disable_title":"","_themeisle_gutenberg_block_has_review":false,"footnotes":""},"class_list":["post-710","page","type-page","status-publish","hentry"],"_links":{"self":[{"href":"https:\/\/www.sk5aa.se\/index.php?rest_route=\/wp\/v2\/pages\/710","targetHints":{"allow":["GET"]}}],"collection":[{"href":"https:\/\/www.sk5aa.se\/index.php?rest_route=\/wp\/v2\/pages"}],"about":[{"href":"https:\/\/www.sk5aa.se\/index.php?rest_route=\/wp\/v2\/types\/page"}],"author":[{"embeddable":true,"href":"https:\/\/www.sk5aa.se\/index.php?rest_route=\/wp\/v2\/users\/5"}],"replies":[{"embeddable":true,"href":"https:\/\/www.sk5aa.se\/index.php?rest_route=%2Fwp%2Fv2%2Fcomments&post=710"}],"version-history":[{"count":0,"href":"https:\/\/www.sk5aa.se\/index.php?rest_route=\/wp\/v2\/pages\/710\/revisions"}],"wp:attachment":[{"href":"https:\/\/www.sk5aa.se\/index.php?rest_route=%2Fwp%2Fv2%2Fmedia&parent=710"}],"curies":[{"name":"wp","href":"https:\/\/api.w.org\/{rel}","templated":true}]}}