{"id":667,"date":"2010-02-21T23:25:40","date_gmt":"2010-02-21T21:25:40","guid":{"rendered":"http:\/\/www.sk5aa.se\/?page_id=667"},"modified":"2021-02-08T20:56:51","modified_gmt":"2021-02-08T19:56:51","slug":"dx-sektionen","status":"publish","type":"page","link":"https:\/\/www.sk5aa.se\/?page_id=667","title":{"rendered":"DX-sektionen"},"content":{"rendered":"\n<p class=\"wp-block-paragraph\">Tanken \u00e4r att DX-intresserade kan tr\u00e4ffas och diskutera DX-jagande. Det finns mycket man kan diskutera om, t.ex.:<\/p>\n\n\n\n<ul class=\"wp-block-list\"><li>DX-peditioner<\/li><li>Trafikteknik<\/li><li>DXCC<\/li><li>LoTW<\/li><li>Loggprogram<\/li><li>Antenner<\/li><li>QSL<\/li><li>Litteratur, b\u00f6cker, l\u00e4stips<\/li><li>Riggar<\/li><li>Tester<\/li><li>Testteknik<\/li><li>RFI<\/li><li>Propagation<\/li><\/ul>\n\n\n\n<p class=\"wp-block-paragraph\">o.s.v..<\/p>\n\n\n\n<p class=\"wp-block-paragraph\">Vi t\u00e4nker ocks\u00e5 ha en DX-spalt i QRZ.<br>Det har redan avh\u00e5llits ett prelimin\u00e4rt DX-m\u00f6te hos Systrarna Ericssons i Gallerian. Det var ACQ, FUG och ENX som \u00e5t semlor och snackade DX! Det finns redan flera som h\u00f6rt av sig och \u00e4r intresserade att vara med. Det vore kul om s\u00e5 m\u00e5nga som m\u00f6jligt kunde vara med och \u00f6ka intresset f\u00f6r DX-jagandet. H\u00f6r g\u00e4rna av er!<br>Tanken \u00e4r att vi kunde ha en fast m\u00f6tesdag varje m\u00e5nad, t.ex. var 4:e tisdag kl 17.<br>Var tr\u00e4ffas man d\u00e5? Ett f\u00f6rslag \u00e4r Systrarna Ericssons i Gallerian.<br>Tid och plats kan ju alltid diskuteras.<\/p>\n\n\n\n<p class=\"wp-block-paragraph\"><strong>GL DX<br>Lennart SM5ENX<\/strong><\/p>\n\n\n\n<p class=\"wp-block-paragraph\"><strong><a href=\"&#109;&#x61;i&#x6c;t&#111;&#x3a;&#115;&#x6d;5&#101;&#x6e;&#120;&#x40;s&#x73;&#x61;&#46;&#x73;e\">Kontakta SM5ENX<\/a><br><\/strong><\/p>\n","protected":false},"excerpt":{"rendered":"<p>Tanken \u00e4r att DX-intresserade kan tr\u00e4ffas och diskutera DX-jagande. Det finns mycket man kan diskutera om, t.ex.: DX-peditioner Trafikteknik DXCC LoTW Loggprogram Antenner QSL Litteratur, b\u00f6cker, l\u00e4stips Riggar Tester Testteknik RFI Propagation o.s.v.. Vi t\u00e4nker ocks\u00e5 ha en DX-spalt i QRZ.Det har redan avh\u00e5llits ett prelimin\u00e4rt DX-m\u00f6te hos Systrarna Ericssons i Gallerian. Det var ACQ,&hellip;&nbsp;<a href=\"https:\/\/www.sk5aa.se\/?page_id=667\" rel=\"bookmark\">L\u00e4s mer &raquo;<span class=\"screen-reader-text\">DX-sektionen<\/span><\/a><\/p>\n","protected":false},"author":5,"featured_media":0,"parent":2089,"menu_order":0,"comment_status":"closed","ping_status":"closed","template":"","meta":{"_crdt_document":"","neve_meta_sidebar":"","neve_meta_container":"","neve_meta_enable_content_width":"","neve_meta_content_width":0,"neve_meta_title_alignment":"","neve_meta_author_avatar":"","neve_post_elements_order":"","neve_meta_disable_header":"","neve_meta_disable_footer":"","neve_meta_disable_title":"","_themeisle_gutenberg_block_has_review":false,"footnotes":""},"class_list":["post-667","page","type-page","status-publish","hentry"],"_links":{"self":[{"href":"https:\/\/www.sk5aa.se\/index.php?rest_route=\/wp\/v2\/pages\/667","targetHints":{"allow":["GET"]}}],"collection":[{"href":"https:\/\/www.sk5aa.se\/index.php?rest_route=\/wp\/v2\/pages"}],"about":[{"href":"https:\/\/www.sk5aa.se\/index.php?rest_route=\/wp\/v2\/types\/page"}],"author":[{"embeddable":true,"href":"https:\/\/www.sk5aa.se\/index.php?rest_route=\/wp\/v2\/users\/5"}],"replies":[{"embeddable":true,"href":"https:\/\/www.sk5aa.se\/index.php?rest_route=%2Fwp%2Fv2%2Fcomments&post=667"}],"version-history":[{"count":0,"href":"https:\/\/www.sk5aa.se\/index.php?rest_route=\/wp\/v2\/pages\/667\/revisions"}],"up":[{"embeddable":true,"href":"https:\/\/www.sk5aa.se\/index.php?rest_route=\/wp\/v2\/pages\/2089"}],"wp:attachment":[{"href":"https:\/\/www.sk5aa.se\/index.php?rest_route=%2Fwp%2Fv2%2Fmedia&parent=667"}],"curies":[{"name":"wp","href":"https:\/\/api.w.org\/{rel}","templated":true}]}}