{"id":6669,"date":"2019-04-22T20:38:36","date_gmt":"2019-04-22T18:38:36","guid":{"rendered":"http:\/\/www.sk5aa.se\/?page_id=6669"},"modified":"2025-06-22T13:24:37","modified_gmt":"2025-06-22T11:24:37","slug":"rpo-resultat-vt-2019","status":"publish","type":"page","link":"https:\/\/www.sk5aa.se\/?page_id=6669","title":{"rendered":"RPO resultat"},"content":{"rendered":"\n<p class=\"wp-block-paragraph\"><em>P\u00e5 denna sida publiceras fortl\u00f6pande resultaten fr\u00e5n v\u00e5ra po\u00e4ngjakter, all info nedan kommer fr\u00e5n Rolf SM5DIY, v\u00e5r reporter i skogarna.<\/em> Mycket mera finns p\u00e5 sajten <a href=\"https:\/\/rpo.sk5aa.se\/index.htm\" target=\"_blank\" rel=\"noreferrer noopener\">https:\/\/rpo.sk5aa.se\/index.htm<\/a><\/p>\n\n\n\n<p class=\"wp-block-paragraph\"><strong>Senaste po\u00e4ngjakten visas \u00f6verst.<\/strong><\/p>\n\n\n\n<p class=\"wp-block-paragraph\"><strong>P11 &#8221;Gunnars mara&#8221;<\/strong><br>PA-BGU skrev detta efter jakten: Gunnars \u201dmara\u201d genomf\u00f6rdes i den kuperade, stigl\u00f6sa och kr\u00e4vande terr\u00e4ngen vid \u00d6ran i Huddinge\/Handen. Vissa toppar p\u00e5 25-35 meter fick passeras flera g\u00e5nger. Banl\u00e4ggare Gunnar och AMM\/Ingvar hade lagt en ca 5 km l\u00e5ng bana. Ett par r\u00e4var l\u00e5g n\u00e4ra starten med n\u00e5gra branter att kl\u00e4ttra uppf\u00f6r innan vi kunde st\u00e4mpla. Det var totalt 12 st r\u00e4var, 7 st p\u00e5 3580 kHz och de \u00f6vriga p\u00e5 3570 kHz. Dessutom fanns det en hj\u00e4lp-mig-hem-s\u00e4ndare p\u00e5 3600 kHz, vilken kunde vara bra f\u00f6r att komma tillbaka igen.<\/p>\n\n\n\n<p class=\"wp-block-paragraph\">Det fanns inte s\u00e5 m\u00e5nga h\u00e5llpunkter p\u00e5 kartan. Alla 18 deltagare gjorde olika banval!! Fem LOK-medlemmar hade kommit upp till denna \u201dRadiopejlingens Wimbledon\u201d, som n\u00e5gon s\u00e5 tr\u00e4ffande ben\u00e4mnde jakten. De gjorde bra ifr\u00e5n sig, och hade en l\u00e4ng resa hem igen p\u00e5 kv\u00e4llen\/natten. Fyra VRK-are st\u00e4llde ocks\u00e5 upp. Ganska varmt, inte s\u00e5 mycket mygg, vissa k\u00e4rr var bl\u00f6ta med h\u00f6g undervegetation och inte blev det b\u00e4ttre av att ett svagt regn b\u00f6rjade falla under jakten. Efter jakten bj\u00f6ds det p\u00e5 dryck, bananer, salta n\u00f6tter mm.<\/p>\n\n\n\n<p class=\"wp-block-paragraph\"><a href=\"https:\/\/www.sk5aa.se\/wp-content\/uploads\/2025\/06\/R2511.pdf\" data-type=\"attachment\" data-id=\"9099\" target=\"_blank\" rel=\"noreferrer noopener\">R2511<\/a> | <a href=\"https:\/\/www.sk5aa.se\/wp-content\/uploads\/2025\/06\/RAV2511.pdf\" data-type=\"attachment\" data-id=\"9100\" target=\"_blank\" rel=\"noreferrer noopener\">R\u00c4V2511<\/a><\/p>\n\n\n\n<p class=\"wp-block-paragraph\"><strong>P10 Fagerskogen<\/strong>, banl\u00e4ggare SM5KMU Peter.<br>5 r\u00e4vars 2 meter jakt i Fagerskogen vid Enk\u00f6pings motorbana.. 13 j\u00e4gare,som gjorde nio olika banval p\u00e5 den 3,2 km l\u00e5nga banan.Jakten var gemensam mellan SRJ och VRK. Terr\u00e4ngen \u00e4r bitvis besv\u00e4rlig med omr\u00e5den med stora mossbelupna stenar och m\u00e5nga omkullfallna tr\u00e4d, enligt uppgift sv\u00e5rt angripna av granbarkborren. Ett tips fr\u00e5n banl\u00e4ggaren var att h\u00e5lla sig till stigarna. Gott om reflexer st\u00e4llde dessutom till det, omr\u00e5det \u00e4r ju k\u00e4nt f\u00f6r att vara en besv\u00e4rlig 2m-terr\u00e4ng. Det bl\u00e5ste ganska kallt vid startplatsen och regnet h\u00e4ngde i luften, men det klarnade under jakten och kv\u00e4llen blev riktigt fin.<\/p>\n\n\n\n<p class=\"wp-block-paragraph\">Ett tv-team fr\u00e5n Malm\u00f6 hade f\u00e5tt tips om t\u00e4vlingen och kommit \u00f6verens med Gunnar S om att han skulle visa hur en r\u00e4vjakt g\u00e5r till. Efter en grundlig genomg\u00e5ng f\u00f6ljde de sedan med honom ut till den f\u00f6rsta r\u00e4ven, och n\u00e4r den v\u00e4l hittats \u00e5terv\u00e4nde killarna till starten och Gunnar fortsatte jakten. Det \u00e4r inte helt om\u00f6jligt att denna introduktion kan resultera i en senare film om r\u00e4vjakter! Ett f\u00f6rslag de fick var att s\u00e4tta kameror p\u00e5 n\u00e5gra deltagare f\u00f6r att tittarna skall f\u00e5 se vad vi ser.<\/p>\n\n\n\n<p class=\"wp-block-paragraph\"><a href=\"https:\/\/www.sk5aa.se\/wp-content\/uploads\/2025\/06\/R2510.pdf\" data-type=\"attachment\" data-id=\"9093\" target=\"_blank\" rel=\"noreferrer noopener\">R2510<\/a> | <a href=\"https:\/\/www.sk5aa.se\/wp-content\/uploads\/2025\/06\/RAV2510.pdf\" data-type=\"attachment\" data-id=\"9094\" target=\"_blank\" rel=\"noreferrer noopener\">R\u00c4V2510<\/a><\/p>\n\n\n\n<p class=\"wp-block-paragraph\"><strong>P9 Piltorpet<\/strong>, banl\u00e4ggare SM5FUG Jan<br>7 r\u00e4vars 80 meter jakt i skogen vid Piltorpet. 13 j\u00e4gare, p\u00e5 den 2,9 km l\u00e5nga banan. Peter hade med sig 2 nyb\u00f6rjare. R\u00e4varna l\u00e5g placerade p\u00e5 var sin sida om den odlade \u00e5kern. 4 p\u00e5 v\u00e4stra sidan och 3 p\u00e5 den \u00f6stra. 6 av 13&nbsp;j\u00e4gare tog alla 7 r\u00e4varna. 5 av j\u00e4garna, som startade p\u00e5 v\u00e4stra sidan, gav upp efter 4 r\u00e4var, d\u00e5 avst\u00e5ndet till \u00f6stra sidan var minst 1 km.<\/p>\n\n\n\n<p class=\"wp-block-paragraph\"><a href=\"https:\/\/www.sk5aa.se\/wp-content\/uploads\/2025\/06\/R2509.pdf\" data-type=\"attachment\" data-id=\"9091\" target=\"_blank\" rel=\"noreferrer noopener\">R2509<\/a> | <a href=\"https:\/\/www.sk5aa.se\/wp-content\/uploads\/2025\/06\/RAV2509.pdf\" data-type=\"attachment\" data-id=\"9092\" target=\"_blank\" rel=\"noreferrer noopener\">R\u00c4V 2509<\/a><\/p>\n\n\n\n<p class=\"wp-block-paragraph\"><strong>P8 Stockholm<\/strong>, banl\u00e4ggare SM0BGU P-A<br>7 r\u00e4vars 80 meter jakt i skogen vid Granskog. Jakten var gemensam f\u00f6r SRJ och VRK. 15 j\u00e4gare, varav 9 fr\u00e5n VRK, p\u00e5 den 2,7 km l\u00e5nga banan. Terr\u00e4ngen bra, f\u00f6rutom att den var mycket kuperad, med m\u00e5nga stigar i dalg\u00e5ngarna och rakt \u00f6ver bergstopparna.&nbsp;<br><strong>P7 Tillberga<\/strong>, Banl\u00e4ggare SM5IFO J\u00f6rn.<br>5 r\u00e4vars 80 meter jakt i skogen vid Tillberga. 9 j\u00e4gare p\u00e5 den 3,5 km l\u00e5nga banan. M\u00e5nga stigar och n\u00e4stan tortt i mossarna<\/p>\n\n\n\n<p class=\"wp-block-paragraph\"><a href=\"https:\/\/www.sk5aa.se\/wp-content\/uploads\/2025\/06\/R2507-8.pdf\" data-type=\"attachment\" data-id=\"9089\" target=\"_blank\" rel=\"noreferrer noopener\">R2507-8<\/a> | <a href=\"https:\/\/www.sk5aa.se\/wp-content\/uploads\/2025\/06\/RAV2507-8.pdf\" data-type=\"attachment\" data-id=\"9090\" target=\"_blank\" rel=\"noreferrer noopener\">R\u00c4V2507-8<\/a><\/p>\n\n\n\n<p class=\"wp-block-paragraph\"><strong>P6, N2b Surahammar<\/strong>, banl\u00e4ggare SM5FNB G\u00f6ran.  16 deltagare fr\u00e5n SRJ,LOK och VRK.<br><strong>P5, N2a Surahammar<\/strong>, banl\u00e4ggare SM5FNB G\u00f6ran. 16 deltagare fr\u00e5n SRJ,LOK och VRK.<br><strong>P4 2m R\u00f6nnby<\/strong>, banl\u00e4ggare SM5SVM Hans. 8 deltagare<br>Video p\u00e5 VRK deltagare finns p\u00e5 <a href=\"http:\/\/www.hakasen.se\">www.hakasen.se<\/a><\/p>\n\n\n\n<p class=\"wp-block-paragraph\"><a href=\"https:\/\/www.sk5aa.se\/wp-content\/uploads\/2025\/06\/R2504-6.pdf\" data-type=\"attachment\" data-id=\"9085\" target=\"_blank\" rel=\"noreferrer noopener\">R2504-6<\/a> | <a href=\"https:\/\/www.sk5aa.se\/wp-content\/uploads\/2025\/06\/RAV2504-6.pdf\" data-type=\"attachment\" data-id=\"9086\" target=\"_blank\" rel=\"noreferrer noopener\">R\u00c4V2504-6<\/a><\/p>\n\n\n\n<p class=\"wp-block-paragraph\"><strong>P3 80 m Tortunaskogen<\/strong>, banl\u00e4ggare: SA5MOG Magnus.<br>9 startande p\u00e5 den 2,4 km l\u00e5nga banan.&nbsp;<\/p>\n\n\n\n<p class=\"wp-block-paragraph\"><a href=\"https:\/\/www.sk5aa.se\/wp-content\/uploads\/2025\/05\/R2503.pdf\" data-type=\"attachment\" data-id=\"9072\" target=\"_blank\" rel=\"noreferrer noopener\">R2503<\/a> | <a href=\"https:\/\/www.sk5aa.se\/wp-content\/uploads\/2025\/05\/RAV2503.pdf\" data-type=\"attachment\" data-id=\"9073\" target=\"_blank\" rel=\"noreferrer noopener\">R\u00c4V2503<\/a> | <a href=\"https:\/\/www.livelox.com\/Viewer\/P3-80m-Tortuna-MOG\/alla?classId=954812&amp;tab=player\" target=\"_blank\" rel=\"noreferrer noopener\">Livelox<\/a><\/p>\n\n\n\n<p class=\"wp-block-paragraph\"><strong>P2 80m Vedbo<\/strong>, banl\u00e4ggare: SM5EZM Leif<br>Leif -EZM hade arrangerat en 7 r\u00e4vars 80 meter jakt i skogen vid Vedbo.Stigrikt omr\u00e5de. 8 startande.j\u00e4gare p\u00e5 den 1,7 km l\u00e5nga banan. J\u00e4garna sprang eller gick mellan 3,0 och 4,6 km. Video p\u00e5 <a href=\"http:\/\/www.hakasen.se\">www.hakasen.se<\/a><\/p>\n\n\n\n<p class=\"wp-block-paragraph\"><a href=\"https:\/\/www.sk5aa.se\/wp-content\/uploads\/2025\/05\/R2502.pdf\" data-type=\"attachment\" data-id=\"9060\" target=\"_blank\" rel=\"noreferrer noopener\">R2502<\/a> | <a href=\"https:\/\/www.sk5aa.se\/wp-content\/uploads\/2025\/05\/RAV2502.pdf\" data-type=\"attachment\" data-id=\"9061\" target=\"_blank\" rel=\"noreferrer noopener\">R\u00c4V2502<\/a><\/p>\n\n\n\n<p class=\"wp-block-paragraph\"><strong>P1 2m H\u00f6k\u00e5sen<\/strong> banl\u00e4ggare: SM5URD Stefan<br>Stefan -URD hade arrangerat en 5 r\u00e4vars 2 meter jakt i skogen vid H\u00f6k\u00e5sensp\u00e5ret. Flera hyggen med kvarl\u00e4mnat ris. 8 startande.j\u00e4gare p\u00e5 den 3,3 km l\u00e5nga banan.<\/p>\n\n\n\n<p class=\"wp-block-paragraph\"><a href=\"https:\/\/www.sk5aa.se\/wp-content\/uploads\/2025\/05\/R2501.pdf\" target=\"_blank\" rel=\"noreferrer noopener\">R2501<\/a> | <a href=\"https:\/\/www.sk5aa.se\/wp-content\/uploads\/2025\/05\/RAV2501.pdf\" data-type=\"attachment\" data-id=\"9057\" target=\"_blank\" rel=\"noreferrer noopener\">R\u00c4V2501<\/a><\/p>\n","protected":false},"excerpt":{"rendered":"<p>P\u00e5 denna sida publiceras fortl\u00f6pande resultaten fr\u00e5n v\u00e5ra po\u00e4ngjakter, all info nedan kommer fr\u00e5n Rolf SM5DIY, v\u00e5r reporter i skogarna. Mycket mera finns p\u00e5 sajten https:\/\/rpo.sk5aa.se\/index.htm Senaste po\u00e4ngjakten visas \u00f6verst. P11 &#8221;Gunnars mara&#8221;PA-BGU skrev detta efter jakten: Gunnars \u201dmara\u201d genomf\u00f6rdes i den kuperade, stigl\u00f6sa och kr\u00e4vande terr\u00e4ngen vid \u00d6ran i Huddinge\/Handen. Vissa toppar p\u00e5 25-35&hellip;&nbsp;<a href=\"https:\/\/www.sk5aa.se\/?page_id=6669\" rel=\"bookmark\">L\u00e4s mer &raquo;<span class=\"screen-reader-text\">RPO resultat<\/span><\/a><\/p>\n","protected":false},"author":5,"featured_media":0,"parent":52,"menu_order":0,"comment_status":"closed","ping_status":"closed","template":"","meta":{"_crdt_document":"","neve_meta_sidebar":"","neve_meta_container":"","neve_meta_enable_content_width":"","neve_meta_content_width":0,"neve_meta_title_alignment":"","neve_meta_author_avatar":"","neve_post_elements_order":"","neve_meta_disable_header":"","neve_meta_disable_footer":"","neve_meta_disable_title":"","_themeisle_gutenberg_block_has_review":false,"footnotes":""},"class_list":["post-6669","page","type-page","status-publish","hentry"],"_links":{"self":[{"href":"https:\/\/www.sk5aa.se\/index.php?rest_route=\/wp\/v2\/pages\/6669","targetHints":{"allow":["GET"]}}],"collection":[{"href":"https:\/\/www.sk5aa.se\/index.php?rest_route=\/wp\/v2\/pages"}],"about":[{"href":"https:\/\/www.sk5aa.se\/index.php?rest_route=\/wp\/v2\/types\/page"}],"author":[{"embeddable":true,"href":"https:\/\/www.sk5aa.se\/index.php?rest_route=\/wp\/v2\/users\/5"}],"replies":[{"embeddable":true,"href":"https:\/\/www.sk5aa.se\/index.php?rest_route=%2Fwp%2Fv2%2Fcomments&post=6669"}],"version-history":[{"count":8,"href":"https:\/\/www.sk5aa.se\/index.php?rest_route=\/wp\/v2\/pages\/6669\/revisions"}],"predecessor-version":[{"id":9102,"href":"https:\/\/www.sk5aa.se\/index.php?rest_route=\/wp\/v2\/pages\/6669\/revisions\/9102"}],"up":[{"embeddable":true,"href":"https:\/\/www.sk5aa.se\/index.php?rest_route=\/wp\/v2\/pages\/52"}],"wp:attachment":[{"href":"https:\/\/www.sk5aa.se\/index.php?rest_route=%2Fwp%2Fv2%2Fmedia&parent=6669"}],"curies":[{"name":"wp","href":"https:\/\/api.w.org\/{rel}","templated":true}]}}