{"id":5100,"date":"2016-09-11T21:37:54","date_gmt":"2016-09-11T19:37:54","guid":{"rendered":"http:\/\/www.sk5aa.se\/?page_id=5100"},"modified":"2021-02-10T21:16:35","modified_gmt":"2021-02-10T20:16:35","slug":"utbildning-2","status":"publish","type":"page","link":"https:\/\/www.sk5aa.se\/?page_id=5100","title":{"rendered":"Utbildning"},"content":{"rendered":"\n<p class=\"wp-block-paragraph\">VRK h\u00e5ller regelbundet kurser i amat\u00f6rradioteknik. Kurserna ger kunskaper som motsvarar kraven f\u00f6r amat\u00f6rradiocertifikat. Kommande kurser annonseras via eQRZ och hemsidan.<\/p>\n","protected":false},"excerpt":{"rendered":"<p>VRK h\u00e5ller regelbundet kurser i amat\u00f6rradioteknik. Kurserna ger kunskaper som motsvarar kraven f\u00f6r amat\u00f6rradiocertifikat. Kommande kurser annonseras via eQRZ och hemsidan.<\/p>\n","protected":false},"author":4,"featured_media":0,"parent":2089,"menu_order":0,"comment_status":"closed","ping_status":"closed","template":"","meta":{"_crdt_document":"","neve_meta_sidebar":"","neve_meta_container":"","neve_meta_enable_content_width":"","neve_meta_content_width":0,"neve_meta_title_alignment":"","neve_meta_author_avatar":"","neve_post_elements_order":"","neve_meta_disable_header":"","neve_meta_disable_footer":"","neve_meta_disable_title":"","_themeisle_gutenberg_block_has_review":false,"footnotes":""},"class_list":["post-5100","page","type-page","status-publish","hentry"],"_links":{"self":[{"href":"https:\/\/www.sk5aa.se\/index.php?rest_route=\/wp\/v2\/pages\/5100","targetHints":{"allow":["GET"]}}],"collection":[{"href":"https:\/\/www.sk5aa.se\/index.php?rest_route=\/wp\/v2\/pages"}],"about":[{"href":"https:\/\/www.sk5aa.se\/index.php?rest_route=\/wp\/v2\/types\/page"}],"author":[{"embeddable":true,"href":"https:\/\/www.sk5aa.se\/index.php?rest_route=\/wp\/v2\/users\/4"}],"replies":[{"embeddable":true,"href":"https:\/\/www.sk5aa.se\/index.php?rest_route=%2Fwp%2Fv2%2Fcomments&post=5100"}],"version-history":[{"count":0,"href":"https:\/\/www.sk5aa.se\/index.php?rest_route=\/wp\/v2\/pages\/5100\/revisions"}],"up":[{"embeddable":true,"href":"https:\/\/www.sk5aa.se\/index.php?rest_route=\/wp\/v2\/pages\/2089"}],"wp:attachment":[{"href":"https:\/\/www.sk5aa.se\/index.php?rest_route=%2Fwp%2Fv2%2Fmedia&parent=5100"}],"curies":[{"name":"wp","href":"https:\/\/api.w.org\/{rel}","templated":true}]}}