{"id":3112,"date":"2013-02-04T22:35:06","date_gmt":"2013-02-04T21:35:06","guid":{"rendered":"http:\/\/www.sk5aa.se\/?page_id=3112"},"modified":"2026-02-21T21:00:45","modified_gmt":"2026-02-21T20:00:45","slug":"tekniksidor","status":"publish","type":"page","link":"https:\/\/www.sk5aa.se\/?page_id=3112","title":{"rendered":"Tekniksidor"},"content":{"rendered":"\n<h5 class=\"wp-block-heading\">H\u00e4r samlar vi artiklar som ber\u00f6r v\u00e5r hobby, f\u00f6rfattade av v\u00e5ra medlemmar.<\/h5>\n\n\n\n<hr class=\"wp-block-separator has-text-color has-black-color has-alpha-channel-opacity has-black-background-color has-background is-style-wide\"\/>\n\n\n\n<h3 class=\"wp-block-heading\">&#8212; Antenner &#8212;<\/h3>\n\n\n\n<p class=\"wp-block-paragraph\">SM5EFX Anders Eidenvall, nytt om <a href=\"https:\/\/www.sk5aa.se\/wp-content\/uploads\/2023\/01\/Loop-nytt.pdf\">Loop-antenner<\/a><\/p>\n\n\n\n<h3 class=\"wp-block-heading\">&#8212; FT-8 &#8212;<\/h3>\n\n\n\n<p class=\"wp-block-paragraph\">\u00d6versikt inkoppling f\u00f6r FT-8 till en transceiver &gt;<a href=\"https:\/\/www.sk5aa.se\/wp-content\/uploads\/2026\/02\/FT-8_TNC-ansl.pdf\" data-type=\"attachment\" data-id=\"9220\" target=\"_blank\" rel=\"noreferrer noopener\">PDF<\/a>&lt;<\/p>\n\n\n\n<p class=\"wp-block-paragraph\">Schema till ett enkelt interface ><a href=\"https:\/\/www.sk5aa.se\/wp-content\/uploads\/2026\/02\/Enkelt-interface-PC-Dator-4.jpg\" target=\"_blank\" rel=\"noreferrer noopener\">BILD<\/a>&lt; f\u00f6r ICOM<\/p>\n\n\n\n<p class=\"wp-block-paragraph\">Schema f\u00f6r ett enkelt interface ><a href=\"https:\/\/www.sk5aa.se\/wp-content\/uploads\/2026\/02\/Enkelt-interface-PC-TS-440.jpg\" target=\"_blank\" rel=\"noreferrer noopener\">BILD<\/a>&lt; f\u00f6r Kenwood TS-440<\/p>\n\n\n\n<p class=\"wp-block-paragraph\">Praktiska tips om FT-8 f\u00f6rfattad av <em>Gary Hinson<\/em> ZL2IFB. 85 sidor. &gt;<a href=\"https:\/\/www.g4ifb.com\/FT8_Hinson_tips_for_HF_DXers.pdf\" target=\"_blank\" rel=\"noreferrer noopener\">L\u00e4nk till PDF<\/a>&lt;<\/p>\n","protected":false},"excerpt":{"rendered":"<p>H\u00e4r samlar vi artiklar som ber\u00f6r v\u00e5r hobby, f\u00f6rfattade av v\u00e5ra medlemmar. &#8212; Antenner &#8212; SM5EFX Anders Eidenvall, nytt om Loop-antenner &#8212; FT-8 &#8212; \u00d6versikt inkoppling f\u00f6r FT-8 till en transceiver &gt;PDF&lt; Schema till ett enkelt interface >BILD&lt; f\u00f6r ICOM Schema f\u00f6r ett enkelt interface >BILD&lt; f\u00f6r Kenwood TS-440 Praktiska tips om FT-8 f\u00f6rfattad av&hellip;&nbsp;<a href=\"https:\/\/www.sk5aa.se\/?page_id=3112\" rel=\"bookmark\">L\u00e4s mer &raquo;<span class=\"screen-reader-text\">Tekniksidor<\/span><\/a><\/p>\n","protected":false},"author":5,"featured_media":0,"parent":2096,"menu_order":10,"comment_status":"closed","ping_status":"closed","template":"","meta":{"_crdt_document":"","neve_meta_sidebar":"","neve_meta_container":"","neve_meta_enable_content_width":"","neve_meta_content_width":0,"neve_meta_title_alignment":"","neve_meta_author_avatar":"","neve_post_elements_order":"","neve_meta_disable_header":"","neve_meta_disable_footer":"","neve_meta_disable_title":"","_themeisle_gutenberg_block_has_review":false,"footnotes":""},"class_list":["post-3112","page","type-page","status-publish","hentry"],"_links":{"self":[{"href":"https:\/\/www.sk5aa.se\/index.php?rest_route=\/wp\/v2\/pages\/3112","targetHints":{"allow":["GET"]}}],"collection":[{"href":"https:\/\/www.sk5aa.se\/index.php?rest_route=\/wp\/v2\/pages"}],"about":[{"href":"https:\/\/www.sk5aa.se\/index.php?rest_route=\/wp\/v2\/types\/page"}],"author":[{"embeddable":true,"href":"https:\/\/www.sk5aa.se\/index.php?rest_route=\/wp\/v2\/users\/5"}],"replies":[{"embeddable":true,"href":"https:\/\/www.sk5aa.se\/index.php?rest_route=%2Fwp%2Fv2%2Fcomments&post=3112"}],"version-history":[{"count":3,"href":"https:\/\/www.sk5aa.se\/index.php?rest_route=\/wp\/v2\/pages\/3112\/revisions"}],"predecessor-version":[{"id":9238,"href":"https:\/\/www.sk5aa.se\/index.php?rest_route=\/wp\/v2\/pages\/3112\/revisions\/9238"}],"up":[{"embeddable":true,"href":"https:\/\/www.sk5aa.se\/index.php?rest_route=\/wp\/v2\/pages\/2096"}],"wp:attachment":[{"href":"https:\/\/www.sk5aa.se\/index.php?rest_route=%2Fwp%2Fv2%2Fmedia&parent=3112"}],"curies":[{"name":"wp","href":"https:\/\/api.w.org\/{rel}","templated":true}]}}