{"id":224,"date":"2009-09-04T01:15:26","date_gmt":"2009-09-03T23:15:26","guid":{"rendered":"http:\/\/sk5aa.se.bart.kontrollpanelen.se\/wordpress\/?page_id=224"},"modified":"2025-08-31T14:57:20","modified_gmt":"2025-08-31T12:57:20","slug":"samband","status":"publish","type":"page","link":"https:\/\/www.sk5aa.se\/?page_id=224","title":{"rendered":"Samband"},"content":{"rendered":"\n<p class=\"wp-block-paragraph\">F\u00f6rn\u00e4rvarande har vi inga f\u00f6rfr\u00e5gningar eller uppdrag.<br>Sambandsansvarig \u00e4r Krister SM5KRI samband (at) sk5aa.se.<\/p>\n\n\n\n<hr class=\"wp-block-separator has-text-color has-white-color has-alpha-channel-opacity has-white-background-color has-background is-style-wide\"\/>\n\n\n\n<h3 class=\"wp-block-heading\">Checklista inf\u00f6r samband<\/h3>\n\n\n\n<p class=\"wp-block-paragraph\"><strong>Info fr\u00e5n VRK:s sambandsanvsvariga<br><\/strong>&#8211; vad \u00e4r syftet med aktuellt samband?<br>&#8211; S\u00e4kerhetsanvisningar fr\u00e5n arrang\u00f6ren.<br>&#8211; Karta \u00f6ver t\u00e4vlingsomr\u00e5det.<br>&#8211; Aktuell tid och datum.<br>&#8211; Finns tillg\u00e5ng till mat och dryck?<br>&#8211; Din arbetsuppgift och dina befogenheter.<\/p>\n\n\n\n<p class=\"wp-block-paragraph\"><strong>Listor, f\u00f6rtreckningar<\/strong><br>&#8211; deltagande stationer och placering.<br>&#8211; Arrang\u00f6rens kontaktpersoner och telefon nr<br>&#8211; frekvenser \/ repeatrar som skall anv\u00e4ndas.<br>&#8211; Anropssignaler, signalering.<br>&#8211; Kontaktperson vid akuta n\u00f6dsituationer och of\u00f6rutsedda h\u00e4ndelser.<br>&#8211; Startlista.<\/p>\n\n\n\n<p class=\"wp-block-paragraph\"><strong>M\u00e5sten, vi \/ du skall<\/strong><br>&#8211; Dagarna innan sambandet g\u00f6r en funktionskontroll av utrustningen, ladda batterier m.m!<br>&#8211; Komma i god tid!<br>&#8211; Ha med oss effektiv radio med yttre antenn.<br>&#8211; Ha v\u00e4l laddade batterier som r\u00e4cker hela t\u00e4vlingen.<br>&#8211; Tag med en extra radiostation som backup.<br>&#8211; Anteckningsblock, pennor m.m.<br>&#8211; VRK sambandsskylt v\u00e4l synligt p\u00e5 fordon.<br>&#8211; St\u00e5r man vid starten p\u00e5 en str\u00e4cka rekommenderas en filt att l\u00e4gga \u00f6ver fronten p\u00e5 din bil (stenskott)<br>&#8211; Bra ficklampa med reservbatteri om t\u00e4vlingen p\u00e5g\u00e5r under m\u00f6rker.<\/p>\n\n\n\n<p class=\"wp-block-paragraph\">Tag med mobiltelefon (fulladdat batteri), l\u00e4mna numret till sambandsledningen<br>Tag g\u00e4rna med extra kl\u00e4der, regnskydd, toapapper.<br>Ev mat och dryck, frukt, reservproviant.<\/p>\n\n\n\n<p class=\"wp-block-paragraph\">L\u00e5nestationer VHF och antenner finns att l\u00e5na.<\/p>\n","protected":false},"excerpt":{"rendered":"<p>F\u00f6rn\u00e4rvarande har vi inga f\u00f6rfr\u00e5gningar eller uppdrag.Sambandsansvarig \u00e4r Krister SM5KRI samband (at) sk5aa.se. Checklista inf\u00f6r samband Info fr\u00e5n VRK:s sambandsanvsvariga&#8211; vad \u00e4r syftet med aktuellt samband?&#8211; S\u00e4kerhetsanvisningar fr\u00e5n arrang\u00f6ren.&#8211; Karta \u00f6ver t\u00e4vlingsomr\u00e5det.&#8211; Aktuell tid och datum.&#8211; Finns tillg\u00e5ng till mat och dryck?&#8211; Din arbetsuppgift och dina befogenheter. Listor, f\u00f6rtreckningar&#8211; deltagande stationer och placering.&#8211; Arrang\u00f6rens kontaktpersoner&hellip;&nbsp;<a href=\"https:\/\/www.sk5aa.se\/?page_id=224\" rel=\"bookmark\">L\u00e4s mer &raquo;<span class=\"screen-reader-text\">Samband<\/span><\/a><\/p>\n","protected":false},"author":5,"featured_media":0,"parent":2089,"menu_order":52,"comment_status":"closed","ping_status":"closed","template":"","meta":{"_crdt_document":"","neve_meta_sidebar":"","neve_meta_container":"","neve_meta_enable_content_width":"","neve_meta_content_width":0,"neve_meta_title_alignment":"","neve_meta_author_avatar":"","neve_post_elements_order":"","neve_meta_disable_header":"","neve_meta_disable_footer":"","neve_meta_disable_title":"","_themeisle_gutenberg_block_has_review":false,"footnotes":""},"class_list":["post-224","page","type-page","status-publish","hentry"],"_links":{"self":[{"href":"https:\/\/www.sk5aa.se\/index.php?rest_route=\/wp\/v2\/pages\/224","targetHints":{"allow":["GET"]}}],"collection":[{"href":"https:\/\/www.sk5aa.se\/index.php?rest_route=\/wp\/v2\/pages"}],"about":[{"href":"https:\/\/www.sk5aa.se\/index.php?rest_route=\/wp\/v2\/types\/page"}],"author":[{"embeddable":true,"href":"https:\/\/www.sk5aa.se\/index.php?rest_route=\/wp\/v2\/users\/5"}],"replies":[{"embeddable":true,"href":"https:\/\/www.sk5aa.se\/index.php?rest_route=%2Fwp%2Fv2%2Fcomments&post=224"}],"version-history":[{"count":2,"href":"https:\/\/www.sk5aa.se\/index.php?rest_route=\/wp\/v2\/pages\/224\/revisions"}],"predecessor-version":[{"id":9116,"href":"https:\/\/www.sk5aa.se\/index.php?rest_route=\/wp\/v2\/pages\/224\/revisions\/9116"}],"up":[{"embeddable":true,"href":"https:\/\/www.sk5aa.se\/index.php?rest_route=\/wp\/v2\/pages\/2089"}],"wp:attachment":[{"href":"https:\/\/www.sk5aa.se\/index.php?rest_route=%2Fwp%2Fv2%2Fmedia&parent=224"}],"curies":[{"name":"wp","href":"https:\/\/api.w.org\/{rel}","templated":true}]}}