{"id":2096,"date":"2011-12-08T23:51:19","date_gmt":"2011-12-08T22:51:19","guid":{"rendered":"http:\/\/www.sk5aa.se\/?page_id=2096"},"modified":"2026-04-19T22:46:46","modified_gmt":"2026-04-19T20:46:46","slug":"bra-att-veta","status":"publish","type":"page","link":"https:\/\/www.sk5aa.se\/?page_id=2096","title":{"rendered":"Bra att veta"},"content":{"rendered":"<p>H\u00e4r samlas s\u00e5dant som \u00e4r bra att k\u00e4nna till.<\/p>\n<p>Klicka vidare i menyn!<\/p>\n","protected":false},"excerpt":{"rendered":"<p>H\u00e4r samlas s\u00e5dant som \u00e4r bra att k\u00e4nna till. Klicka vidare i menyn!<\/p>\n","protected":false},"author":5,"featured_media":0,"parent":0,"menu_order":3,"comment_status":"closed","ping_status":"closed","template":"","meta":{"_crdt_document":"{\"document\":\"AAAG+ZeUjgoYDggamgIBCRoCAQIKAQFKAB0oAycABAAnAAQAJwAoBCcAKAsnAAcAKAMnACgDJ9cFogVzdGF0ZXZlcnNpb25kb2N1bWVudGRhdGVkb2N1bWVudHNsdWdkb2N1bWVudHN0YXR1c2RvY3VtZW50dGl0bGVCcmEgYXR0IHZldGFkb2N1bWVudGNvbnRlbnRIw6RyIHNhbWxhcyBzw6VkYW50IHNvbSDDpHIgYnJhIGF0dCBrw6RubmEgdGlsbC4NCg0KS2xpY2thIHZpZGFyZSBpIG1lbnluIWRvY3VtZW50ZXhjZXJwdGRvY3VtZW50YXV0aG9yZG9jdW1lbnRmZWF0dXJlZF9tZWRpYWRvY3VtZW50Y29tbWVudF9zdGF0dXNkb2N1bWVudHBpbmdfc3RhdHVzZG9jdW1lbnR0ZW1wbGF0ZWRvY3VtZW50bWV0YW5ldmVfbWV0YV9zaWRlYmFybmV2ZV9tZXRhX2NvbnRhaW5lcm5ldmVfbWV0YV9lbmFibGVfY29udGVudF93aWR0aG5ldmVfbWV0YV9jb250ZW50X3dpZHRobmV2ZV9tZXRhX3RpdGxlX2FsaWdubWVudG5ldmVfbWV0YV9hdXRob3JfYXZhdGFybmV2ZV9wb3N0X2VsZW1lbnRzX29yZGVybmV2ZV9tZXRhX2Rpc2FibGVfaGVhZGVybmV2ZV9tZXRhX2Rpc2FibGVfZm9vdGVybmV2ZV9tZXRhX2Rpc2FibGVfdGl0bGVfdGhlbWVpc2xlX2d1dGVuYmVyZ19ibG9ja19oYXNfcmV2aWV3Zm9vdG5vdGVzZG9jdW1lbnRibG9ja3NjbGllbnRJZGlzVmFsaWRvcmlnaW5hbENvbnRlbnRuYW1lYXR0cmlidXRlc2NvbnRlbnRoYXNDdXN0b21DU1NjdXN0b21DU1NvdHRlckNvbmRpdGlvbnNpbm5lckJsb2NrcwUHCAQIBAgGCAUMCAeGAQgHCAYIDggOCAtIAQQREx4XGRdYARclCQgGCAcPBAoHDAkPCw8BBAAAAQAAAAEGAAsBAAAHQgEBAEEAAAJBGwEnAH0BdxMyMDExLTEyLTA4VDIzOjUxOjE5dwxicmEtYXR0LXZldGF3B3B1Ymxpc2h9BX0AdwZjbG9zZWR3BmNsb3NlZHcAdwB3AHcAfQB3AHcAdwB3AHcAdwB5dwB3JGQ1YjQ1YzVlLTJhYjktNDMxYi05NTI3LTZlOGRhYTkzOWMzM3h3VTxwPkjDpHIgc2FtbGFzIHPDpWRhbnQgc29tIMOkciBicmEgYXR0IGvDpG5uYSB0aWxsLjwvcD4KPHA+S2xpY2thIHZpZGFyZSBpIG1lbnluITwvcD53DWNvcmUvZnJlZWZvcm13VTxwPkjDpHIgc2FtbGFzIHPDpWRhbnQgc29tIMOkciBicmEgYXR0IGvDpG5uYSB0aWxsLjwvcD4KPHA+S2xpY2thIHZpZGFyZSBpIG1lbnluITwvcD55dwB1AAA=\",\"updateId\":809967205}","neve_meta_sidebar":"","neve_meta_container":"","neve_meta_enable_content_width":"","neve_meta_content_width":0,"neve_meta_title_alignment":"","neve_meta_author_avatar":"","neve_post_elements_order":"","neve_meta_disable_header":"","neve_meta_disable_footer":"","neve_meta_disable_title":"","_themeisle_gutenberg_block_has_review":false,"footnotes":""},"class_list":["post-2096","page","type-page","status-publish","hentry"],"_links":{"self":[{"href":"https:\/\/www.sk5aa.se\/index.php?rest_route=\/wp\/v2\/pages\/2096","targetHints":{"allow":["GET"]}}],"collection":[{"href":"https:\/\/www.sk5aa.se\/index.php?rest_route=\/wp\/v2\/pages"}],"about":[{"href":"https:\/\/www.sk5aa.se\/index.php?rest_route=\/wp\/v2\/types\/page"}],"author":[{"embeddable":true,"href":"https:\/\/www.sk5aa.se\/index.php?rest_route=\/wp\/v2\/users\/5"}],"replies":[{"embeddable":true,"href":"https:\/\/www.sk5aa.se\/index.php?rest_route=%2Fwp%2Fv2%2Fcomments&post=2096"}],"version-history":[{"count":1,"href":"https:\/\/www.sk5aa.se\/index.php?rest_route=\/wp\/v2\/pages\/2096\/revisions"}],"predecessor-version":[{"id":9309,"href":"https:\/\/www.sk5aa.se\/index.php?rest_route=\/wp\/v2\/pages\/2096\/revisions\/9309"}],"wp:attachment":[{"href":"https:\/\/www.sk5aa.se\/index.php?rest_route=%2Fwp%2Fv2%2Fmedia&parent=2096"}],"curies":[{"name":"wp","href":"https:\/\/api.w.org\/{rel}","templated":true}]}}