{"id":1386,"date":"2011-01-13T11:43:58","date_gmt":"2011-01-13T09:43:58","guid":{"rendered":"http:\/\/www.sk5aa.se\/?page_id=1386"},"modified":"2025-06-12T18:21:00","modified_gmt":"2025-06-12T16:21:00","slug":"dx","status":"publish","type":"page","link":"https:\/\/www.sk5aa.se\/?page_id=1386","title":{"rendered":"DX"},"content":{"rendered":"<address>VRK Handbok &gt; DX<\/address>\n<p><strong>Fyrar &#8211; HF<\/strong><br \/>\nNCDXF\/IARU Beacon Transmission <a href=\"http:\/\/www.ncdxf.org\/beacon\/beaconschedule.html\" target=\"_blank\" rel=\"noopener\">Schedule<\/a><br \/>\nRSGBs Worldwide List of HF <a href=\"https:\/\/rsgb.org\/main\/files\/2024\/10\/RSGBs-Worldwide-List-of-HF-Beacons.pdf\" target=\"_blank\" rel=\"noopener\">Beacons<\/a><\/p>\n<p><strong>DXCC<\/strong><br \/>\nFlera listor och information p\u00e5 ARRL:s <a href=\"http:\/\/www.arrl.org\/dxcc\" target=\"_blank\" rel=\"noopener\">hemsida<\/a><\/p>\n<p><a href=\"http:\/\/www.arrl.org\/country-lists-prefixes\" target=\"_blank\" rel=\"noopener\">Country Lists &amp; Prefixes<\/a> | <a href=\"http:\/\/www.arrl.org\/deleted-entities\" target=\"_blank\" rel=\"noopener\">Deleted Entities<\/a> | <a href=\"http:\/\/www.arrl.org\/prefix-cross-references\" target=\"_blank\" rel=\"noopener\">Prefix Cross References<\/a> | <a href=\"http:\/\/www.arrl.org\/international-call-sign-series\" target=\"_blank\" rel=\"noopener\">ITU-beteckningar <\/a><\/p>\n<p><a href=\"http:\/\/www.dxzone.com\/catalog\/DX_Resources\/DXCC\/\" target=\"_blank\" rel=\"noopener\">L\u00e4nkar<\/a> till sidor med DXCC relaterat material<\/p>\n<p><strong>Prefix f\u00f6r Ryssland &amp; fd Sovjetrep<\/strong><br \/>\nEI8IC:s interaktiva <a href=\"http:\/\/www.qsl.net\/ei8ic\/maps\/russia-j.html\" target=\"_blank\" rel=\"noopener\">karta<\/a><\/p>\n","protected":false},"excerpt":{"rendered":"<p>VRK Handbok &gt; DX Fyrar &#8211; HF NCDXF\/IARU Beacon Transmission Schedule RSGBs Worldwide List of HF Beacons DXCC Flera listor och information p\u00e5 ARRL:s hemsida Country Lists &amp; Prefixes | Deleted Entities | Prefix Cross References | ITU-beteckningar L\u00e4nkar till sidor med DXCC relaterat material Prefix f\u00f6r Ryssland &amp; fd Sovjetrep EI8IC:s interaktiva karta<\/p>\n","protected":false},"author":5,"featured_media":0,"parent":218,"menu_order":80,"comment_status":"closed","ping_status":"closed","template":"","meta":{"_crdt_document":"","neve_meta_sidebar":"","neve_meta_container":"","neve_meta_enable_content_width":"off","neve_meta_content_width":100,"neve_meta_title_alignment":"","neve_meta_author_avatar":"","neve_post_elements_order":"","neve_meta_disable_header":"","neve_meta_disable_footer":"","neve_meta_disable_title":"","_themeisle_gutenberg_block_has_review":false,"footnotes":""},"class_list":["post-1386","page","type-page","status-publish","hentry"],"_links":{"self":[{"href":"https:\/\/www.sk5aa.se\/index.php?rest_route=\/wp\/v2\/pages\/1386","targetHints":{"allow":["GET"]}}],"collection":[{"href":"https:\/\/www.sk5aa.se\/index.php?rest_route=\/wp\/v2\/pages"}],"about":[{"href":"https:\/\/www.sk5aa.se\/index.php?rest_route=\/wp\/v2\/types\/page"}],"author":[{"embeddable":true,"href":"https:\/\/www.sk5aa.se\/index.php?rest_route=\/wp\/v2\/users\/5"}],"replies":[{"embeddable":true,"href":"https:\/\/www.sk5aa.se\/index.php?rest_route=%2Fwp%2Fv2%2Fcomments&post=1386"}],"version-history":[{"count":6,"href":"https:\/\/www.sk5aa.se\/index.php?rest_route=\/wp\/v2\/pages\/1386\/revisions"}],"predecessor-version":[{"id":9080,"href":"https:\/\/www.sk5aa.se\/index.php?rest_route=\/wp\/v2\/pages\/1386\/revisions\/9080"}],"up":[{"embeddable":true,"href":"https:\/\/www.sk5aa.se\/index.php?rest_route=\/wp\/v2\/pages\/218"}],"wp:attachment":[{"href":"https:\/\/www.sk5aa.se\/index.php?rest_route=%2Fwp%2Fv2%2Fmedia&parent=1386"}],"curies":[{"name":"wp","href":"https:\/\/api.w.org\/{rel}","templated":true}]}}