{"id":1366,"date":"2011-01-13T11:29:22","date_gmt":"2011-01-13T09:29:22","guid":{"rendered":"http:\/\/www.sk5aa.se\/?page_id=1366"},"modified":"2021-02-10T21:14:23","modified_gmt":"2021-02-10T20:14:23","slug":"rpo-regler","status":"publish","type":"page","link":"https:\/\/www.sk5aa.se\/?page_id=1366","title":{"rendered":"RPO &#8211; regler"},"content":{"rendered":"\n<h4 class=\"wp-block-heading\">RPO &#8211; r\u00e4vjakt<\/h4>\n\n\n\n<p class=\"wp-block-paragraph\"><em>V\u00e5r RPO-sektion  arrangerar ett 20-tal r\u00e4vjakter, b\u00e5de lokala och nationella.<\/em><\/p>\n\n\n\n<p class=\"wp-block-paragraph\"><strong>Verksamheten<\/strong><br>Ett typiskt verksamhets\u00e5r ser ut s\u00e5 h\u00e4r:<\/p>\n\n\n\n<pre class=\"wp-block-preformatted has-normal-font-size\">Febr: Upptaktsm\u00f6te med planering av \u00e5rets jakter\nMars: Materialv\u00e5rdskv\u00e4ll, s\u00e4ndare och mottagare\nApr :&nbsp;R\u00e4vjakter l\u00f6rdagar kl 10.00\nMaj : R\u00e4vjakter p\u00e5 m\u00e5ndagar 18.30 eller 19.00\nJuni: R\u00e4vjakter p\u00e5 m\u00e5ndagar 18.30 eller 19.00\nAug : R\u00e4vjakter p\u00e5 m\u00e5ndagar 18.30 eller 19.00\nSept: R\u00e4vjakter l\u00f6rdagar kl 10.00\nNov : Avslutning och prisutdelning<\/pre>\n\n\n\n<p class=\"wp-block-paragraph\">Fullst\u00e4ndigt program finns p\u00e5 <a href=\"https:\/\/www.pejla.se\/\" target=\"_blank\" rel=\"noreferrer noopener\">www.pejla.se<\/a>.<\/p>\n\n\n\n<p class=\"wp-block-paragraph\"><strong>R\u00e4varna<\/strong><br>RPO-sektionen f\u00f6rvaltar klubbens r\u00e4vjakts\u00e4ndare:<br>Mickel; 7 st automatiska s\u00e4ndare f\u00f6r 3,5 MHz. samt 5 st s\u00e4ndare f\u00f6r 144 MHz som anv\u00e4nder automatiken fr\u00e5n 3,5 MHz s\u00e4ndarna<\/p>\n\n\n\n<h5 class=\"wp-block-heading\"><strong>Regler<\/strong><\/h5>\n\n\n\n<ol class=\"wp-block-list\"><li>VRK:s po\u00e4ngjakter skall i till\u00e4mpliga delar f\u00f6lja de regler som st\u00e4llts upp f\u00f6r SM i r\u00e4vjakt. SOFT:s regler f\u00f6r orienteringsl\u00f6pning ska ocks\u00e5 till\u00e4mpas, speciellt de som g\u00e4ller upptr\u00e4dandet i naturen.<\/li><li>Det ska av s\u00e4kerhetssk\u00e4l finnas en ansvarig person vid starten. Denne ska f\u00f6ra en startlista. F\u00f6r de som ej \u00e4r k\u00e4nda av starten antecknas namn och telefonnummer.<\/li><li>Startkort ska alltid \u00e5terl\u00e4mnas till starter efter genomf\u00f6rd t\u00e4vling. De t\u00e4vlande b\u00f6r stanna kvar p\u00e5 startplatsen tills alla kommit i m\u00e5l.<\/li><li>Vid po\u00e4ngjakter kan r\u00e4varna vara obemannade men vid SM och nationella jakter ska de vara bemannade. F\u00f6rekommer obemannade r\u00e4var ska de t\u00e4vlande upplysas om hur m\u00e5nga de \u00e4r. Tidtagning vid dessa f\u00e5r ske av de t\u00e4vlande och tiden ska antecknas p\u00e5 startkortet.<\/li><li>Tv\u00e5meters f\u00f6rbindelse ska uppr\u00e4ttas mellan bemannade r\u00e4var och startern, frekvens: 145,525 MHz. \u201cHj\u00e4lp-mig-hem\u201d-s\u00e4ndare ska uppr\u00e4ttas p\u00e5 start platsen.<\/li><li>Om n\u00e5gon s\u00e4ndare faller ur ska den strykas fr\u00e5n jakten om den har varit tyst mer \u00e4n 3 pass.<\/li><li>Po\u00e4ngber\u00e4kning vid po\u00e4ngjakter: De 10 b\u00e4sta resultaten adderas samman till slutpo\u00e4ngen. F\u00f6ljande alternativ ger 100 po\u00e4ng: \u2022 Arrang\u00f6r av po\u00e4ngjakt (max 3 ggr per \u00e5r, = max 300 po\u00e4ng), \u2022 Medhj\u00e4lpare vid po\u00e4ngjakt, \u2022 Instrukt\u00f6r f\u00f6r egen inbjuden nyb\u00f6rjare (max 1 g\u00e5ng). \u2022 Deltagare i po\u00e4ngjakt bel\u00f6nas med 100 po\u00e4ng f\u00f6r placering 1, 99 f\u00f6r plac 2, 98 f\u00f6r plac 3, osv i fallande skala.<\/li><li>R\u00e4vliggarligan: Vid varje jakt utdelas po\u00e4ng till var och en som tj\u00e4nstg\u00f6r som funktion\u00e4r i n\u00e5gon form. \u2022 5 po\u00e4ng utdelas till banl\u00e4ggare och arrang\u00f6r av r\u00e4vjakt. \u2022 1 po\u00e4ng tilldelas starter, r\u00e4v liggare och medhj\u00e4lpare.<\/li><li>Varje jakt skall annonseras t\u00e4vlings dagen i VLT under \u201cI dag-spalten&#8221;.<\/li><\/ol>\n","protected":false},"excerpt":{"rendered":"<p>RPO &#8211; r\u00e4vjakt V\u00e5r RPO-sektion arrangerar ett 20-tal r\u00e4vjakter, b\u00e5de lokala och nationella. VerksamhetenEtt typiskt verksamhets\u00e5r ser ut s\u00e5 h\u00e4r: Febr: Upptaktsm\u00f6te med planering av \u00e5rets jakter Mars: Materialv\u00e5rdskv\u00e4ll, s\u00e4ndare och mottagare Apr :&nbsp;R\u00e4vjakter l\u00f6rdagar kl 10.00 Maj : R\u00e4vjakter p\u00e5 m\u00e5ndagar 18.30 eller 19.00 Juni: R\u00e4vjakter p\u00e5 m\u00e5ndagar 18.30 eller 19.00 Aug : R\u00e4vjakter&hellip;&nbsp;<a href=\"https:\/\/www.sk5aa.se\/?page_id=1366\" rel=\"bookmark\">L\u00e4s mer &raquo;<span class=\"screen-reader-text\">RPO &#8211; regler<\/span><\/a><\/p>\n","protected":false},"author":5,"featured_media":0,"parent":4277,"menu_order":1,"comment_status":"closed","ping_status":"closed","template":"","meta":{"_crdt_document":"","neve_meta_sidebar":"","neve_meta_container":"","neve_meta_enable_content_width":"","neve_meta_content_width":0,"neve_meta_title_alignment":"","neve_meta_author_avatar":"","neve_post_elements_order":"","neve_meta_disable_header":"","neve_meta_disable_footer":"","neve_meta_disable_title":"","_themeisle_gutenberg_block_has_review":false,"footnotes":""},"class_list":["post-1366","page","type-page","status-publish","hentry"],"_links":{"self":[{"href":"https:\/\/www.sk5aa.se\/index.php?rest_route=\/wp\/v2\/pages\/1366","targetHints":{"allow":["GET"]}}],"collection":[{"href":"https:\/\/www.sk5aa.se\/index.php?rest_route=\/wp\/v2\/pages"}],"about":[{"href":"https:\/\/www.sk5aa.se\/index.php?rest_route=\/wp\/v2\/types\/page"}],"author":[{"embeddable":true,"href":"https:\/\/www.sk5aa.se\/index.php?rest_route=\/wp\/v2\/users\/5"}],"replies":[{"embeddable":true,"href":"https:\/\/www.sk5aa.se\/index.php?rest_route=%2Fwp%2Fv2%2Fcomments&post=1366"}],"version-history":[{"count":0,"href":"https:\/\/www.sk5aa.se\/index.php?rest_route=\/wp\/v2\/pages\/1366\/revisions"}],"up":[{"embeddable":true,"href":"https:\/\/www.sk5aa.se\/index.php?rest_route=\/wp\/v2\/pages\/4277"}],"wp:attachment":[{"href":"https:\/\/www.sk5aa.se\/index.php?rest_route=%2Fwp%2Fv2%2Fmedia&parent=1366"}],"curies":[{"name":"wp","href":"https:\/\/api.w.org\/{rel}","templated":true}]}}