{"id":1347,"date":"2011-01-12T16:12:10","date_gmt":"2011-01-12T14:12:10","guid":{"rendered":"http:\/\/www.sk5aa.se\/?page_id=1347"},"modified":"2021-02-05T10:10:41","modified_gmt":"2021-02-05T09:10:41","slug":"naraliggande-klubbar","status":"publish","type":"page","link":"https:\/\/www.sk5aa.se\/?page_id=1347","title":{"rendered":"N\u00e4raliggande klubbar"},"content":{"rendered":"<address>VRK Handbok &gt; Allm\u00e4nt &gt; N\u00e4raliggande klubbar<\/address>\n<p>H\u00e4r en lista p\u00e5 amat\u00f6rradioklubbar i n\u00e4romr\u00e5det.<br \/>\nM\u00e5nga av klubbarna \u00e4r nog tyv\u00e4rr inktiva, har du information kontakta QRZ-redaktionen!<\/p>\n<p>Via SSA:s SM Callbook finns adressuppgifter m.m.<\/p>\n<p>SK5PZ ABB Radio Amateurs<\/p>\n<p>SK5AD Amat\u00f6rradioklubben 7 &#8211; 1, V\u00e4ster\u00e5s<\/p>\n<p><a href=\"http:\/\/www.sm5nvc.se\/erak\/\" target=\"_blank\" rel=\"noopener\">SK55WB\u00a0<\/a>Enk\u00f6pings Radioklubb<\/p>\n<p><a href=\"http:\/\/www.sk5lw.com\/\" target=\"_blank\" rel=\"noopener\">SK5LW\u00a0<\/a>Eskilstuna S\u00e4ndareamat\u00f6rer<\/p>\n<p>SK5JV Fagersta Amat\u00f6r Radioklubb<\/p>\n<p>SK5GQ Lake M\u00e4laren DX-Group<\/p>\n<p>SK5SU\u00a0 Surahammars Radioamat\u00f6rer<\/p>\n<p>SK5VS\u00a0 V\u00e4ster\u00e5s Radioscoutk\u00e5r<\/p>\n<p>SL5ZYA\u00a0 FRO Hallstahammar<\/p>\n<p>SL5ZYB\u00a0 Arboga Radioklubb<\/p>\n<p>SL5ZW FRO Sala<\/p>\n<p>SL5ZZL FRO Surahammar<\/p>\n<p>SL5ZL FRO V\u00e4ster\u00e5s<\/p>\n","protected":false},"excerpt":{"rendered":"<p>VRK Handbok &gt; Allm\u00e4nt &gt; N\u00e4raliggande klubbar H\u00e4r en lista p\u00e5 amat\u00f6rradioklubbar i n\u00e4romr\u00e5det. M\u00e5nga av klubbarna \u00e4r nog tyv\u00e4rr inktiva, har du information kontakta QRZ-redaktionen! Via SSA:s SM Callbook finns adressuppgifter m.m. SK5PZ ABB Radio Amateurs SK5AD Amat\u00f6rradioklubben 7 &#8211; 1, V\u00e4ster\u00e5s SK55WB\u00a0Enk\u00f6pings Radioklubb SK5LW\u00a0Eskilstuna S\u00e4ndareamat\u00f6rer SK5JV Fagersta Amat\u00f6r Radioklubb SK5GQ Lake M\u00e4laren DX-Group&hellip;&nbsp;<a href=\"https:\/\/www.sk5aa.se\/?page_id=1347\" rel=\"bookmark\">L\u00e4s mer &raquo;<span class=\"screen-reader-text\">N\u00e4raliggande klubbar<\/span><\/a><\/p>\n","protected":false},"author":5,"featured_media":0,"parent":1330,"menu_order":30,"comment_status":"closed","ping_status":"closed","template":"","meta":{"_crdt_document":"","neve_meta_sidebar":"","neve_meta_container":"","neve_meta_enable_content_width":"","neve_meta_content_width":0,"neve_meta_title_alignment":"","neve_meta_author_avatar":"","neve_post_elements_order":"","neve_meta_disable_header":"","neve_meta_disable_footer":"","neve_meta_disable_title":"","_themeisle_gutenberg_block_has_review":false,"footnotes":""},"class_list":["post-1347","page","type-page","status-publish","hentry"],"_links":{"self":[{"href":"https:\/\/www.sk5aa.se\/index.php?rest_route=\/wp\/v2\/pages\/1347","targetHints":{"allow":["GET"]}}],"collection":[{"href":"https:\/\/www.sk5aa.se\/index.php?rest_route=\/wp\/v2\/pages"}],"about":[{"href":"https:\/\/www.sk5aa.se\/index.php?rest_route=\/wp\/v2\/types\/page"}],"author":[{"embeddable":true,"href":"https:\/\/www.sk5aa.se\/index.php?rest_route=\/wp\/v2\/users\/5"}],"replies":[{"embeddable":true,"href":"https:\/\/www.sk5aa.se\/index.php?rest_route=%2Fwp%2Fv2%2Fcomments&post=1347"}],"version-history":[{"count":0,"href":"https:\/\/www.sk5aa.se\/index.php?rest_route=\/wp\/v2\/pages\/1347\/revisions"}],"up":[{"embeddable":true,"href":"https:\/\/www.sk5aa.se\/index.php?rest_route=\/wp\/v2\/pages\/1330"}],"wp:attachment":[{"href":"https:\/\/www.sk5aa.se\/index.php?rest_route=%2Fwp%2Fv2%2Fmedia&parent=1347"}],"curies":[{"name":"wp","href":"https:\/\/api.w.org\/{rel}","templated":true}]}}