{"id":13,"date":"2009-08-11T20:12:40","date_gmt":"2009-08-11T18:12:40","guid":{"rendered":"http:\/\/sk5aa.se.bart.kontrollpanelen.se\/wordpress\/?page_id=13"},"modified":"2026-01-31T19:10:33","modified_gmt":"2026-01-31T18:10:33","slug":"bli-medlem","status":"publish","type":"page","link":"https:\/\/www.sk5aa.se\/?page_id=13","title":{"rendered":"Medlemsskap"},"content":{"rendered":"\n<h3 id=\"valkommen-till-vasteras-radioklubb\" class=\"wp-block-heading has-medium-gray-background-color has-background\">V\u00e4lkommen till V\u00e4ster\u00e5s Radioklubb<\/h3>\n\n\n\n<p class=\"wp-block-paragraph\">V\u00e4ster\u00e5s Radioklubb (VRK) har i dagsl\u00e4get runt 90 medlemmar. M\u00e5nga \u00e4r v\u00e4ster\u00e5sare f\u00f6rst\u00e5s, men vi har ocks\u00e5 medlemmar utanf\u00f6r V\u00e4ster\u00e5s.<\/p>\n\n\n\n<p class=\"wp-block-paragraph\">\u00c4r du intresserad av att bli medlem i VRK? Allra enklast blir du det genom att betala in medlemsavgiften p\u00e5 v\u00e5rt plusgirokonto eller Swisha. <br>Ange namn och anropssignal (om du \u00e4r radioamat\u00f6r).<\/p>\n\n\n\n<p class=\"wp-block-paragraph\">\u00d6vriga uppgifter om dig sj\u00e4lv s\u00e5som fullst\u00e4ndigt namn,&nbsp; adress, telefon, e-postadress och f\u00f6delsedag m.m. <strong>l\u00e4mnar du till medlemsregistret<\/strong> genom att skicka ett mail fr\u00e5n v\u00e5rt <a title=\"Kontakt\" href=\"https:\/\/www.sk5aa.se\/?page_id=221\">kontaktformul\u00e4r<\/a>.<\/p>\n\n\n\n<h3 id=\"aktuella-medlemsavgifter\" class=\"wp-block-heading has-medium-gray-background-color has-background\">Aktuella medlemsavgifter<\/h3>\n\n\n\n<p class=\"wp-block-paragraph\"><strong>Medlemsavgiften i VRK f\u00f6r \u00e5r 2026 \u00e4r:<\/strong><br>100 kr: Junior, fyller h\u00f6gst 17 \u00e5r under \u00e5ret.<br>250 kr: Senior, fyller l\u00e4gst 18 \u00e5r under \u00e5ret.**<br>350 kr: Familjemedlemskap. Fullt betalande medlem (250 + 100 kr) till\u00e5ts att ut\u00f6ver sig sj\u00e4lv r\u00e4kna med tv\u00e5 familjemedlemmar.<\/p>\n\n\n\n<p class=\"has-text-color has-link-color wp-elements-6879db93c2a6a464fa718baca81da033 wp-block-paragraph\" style=\"color:#ff0000\">** <em>Ny medlemsavgift, beslutad p\u00e5 medlemsm\u00f6te 2024-11-14.<\/em><\/p>\n\n\n\n<p class=\"has-background wp-block-paragraph\" style=\"background-color:#f9e501\"><strong>Hedersmedlem<\/strong> \u00e4r avgiftsbefriad.<\/p>\n\n\n\n<p class=\"wp-block-paragraph\"><strong>Ny medlem<\/strong> som&nbsp;erl\u00e4gger medlemsavgift under sista kvartalet (efter 1\/10) f\u00f6r \u00e5ret blir automatiskt medlem \u00e4ven f\u00f6r n\u00e4sta \u00e5r.<br><br>Betalas till plusgiro: 38 15 01-6 eller Swish 123-043 62 79<br>Du kan swisha genom att scanna QR-koden h\u00e4r nedan.<br>Ange \u00f6nskat belopp och i meddelandef\u00e4ltet din anropssignal 2026<br>till exempel: \u201dSM5XYZ 2026\u201d<\/p>\n\n\n\n<figure class=\"wp-block-image size-large is-resized\"><img decoding=\"async\" src=\"https:\/\/www.sk5aa.se\/wp-content\/uploads\/2023\/11\/qr_VRK.png\" alt=\"\" style=\"width:185px;height:auto\"\/><\/figure>\n\n\n\n<p class=\"wp-block-paragraph\">I ovanst\u00e5ende alternativ ing\u00e5r <a href=\"https:\/\/www.sk5aa.se\/?page_id=75\">eQRZ<\/a> som utkommer varje m\u00e5nad per e-post utom sommartid.<\/p>\n\n\n\n<p class=\"has-medium-gray-background-color has-background wp-block-paragraph\"><span class=\"highlight\"><strong>Kass\u00f6ren meddelar f\u00f6ljande:<\/strong><br>Om du betalar via internet hos din bank, t\u00e4nk p\u00e5 att tydligt ange din anropssignal eller ditt namn f\u00f6rst av allt i meddelandef\u00e4ltet. <br>Det har h\u00e4nt att hela texten fr\u00e5n banken inte kommer fram till plusgirot och vidare till kass\u00f6ren, det kan st\u00e5 t ex \u201dmedlemsavgift 2026 SM5\u201d .. Inte l\u00e4tt f\u00f6r kass\u00f6ren att se vem som har betalt eller hur??! Din bank kan begr\u00e4nsa antalet tecken i meddelandet till plusgirot<br><br><strong>Skriv hellre s\u00e5h\u00e4r:<\/strong><br>\u201dSM5XYZ 2026\u201d s\u00e5 framg\u00e5r det tydligt vem som har betalt!<\/span><\/p>\n","protected":false},"excerpt":{"rendered":"<p>V\u00e4lkommen till V\u00e4ster\u00e5s Radioklubb V\u00e4ster\u00e5s Radioklubb (VRK) har i dagsl\u00e4get runt 90 medlemmar. M\u00e5nga \u00e4r v\u00e4ster\u00e5sare f\u00f6rst\u00e5s, men vi har ocks\u00e5 medlemmar utanf\u00f6r V\u00e4ster\u00e5s. \u00c4r du intresserad av att bli medlem i VRK? Allra enklast blir du det genom att betala in medlemsavgiften p\u00e5 v\u00e5rt plusgirokonto eller Swisha. Ange namn och anropssignal (om du \u00e4r&hellip;&nbsp;<a href=\"https:\/\/www.sk5aa.se\/?page_id=13\" rel=\"bookmark\">L\u00e4s mer &raquo;<span class=\"screen-reader-text\">Medlemsskap<\/span><\/a><\/p>\n","protected":false},"author":5,"featured_media":0,"parent":2,"menu_order":0,"comment_status":"closed","ping_status":"closed","template":"","meta":{"_crdt_document":"","neve_meta_sidebar":"","neve_meta_container":"","neve_meta_enable_content_width":"","neve_meta_content_width":0,"neve_meta_title_alignment":"","neve_meta_author_avatar":"","neve_post_elements_order":"","neve_meta_disable_header":"","neve_meta_disable_footer":"","neve_meta_disable_title":"","_themeisle_gutenberg_block_has_review":false,"footnotes":""},"class_list":["post-13","page","type-page","status-publish","hentry"],"_links":{"self":[{"href":"https:\/\/www.sk5aa.se\/index.php?rest_route=\/wp\/v2\/pages\/13","targetHints":{"allow":["GET"]}}],"collection":[{"href":"https:\/\/www.sk5aa.se\/index.php?rest_route=\/wp\/v2\/pages"}],"about":[{"href":"https:\/\/www.sk5aa.se\/index.php?rest_route=\/wp\/v2\/types\/page"}],"author":[{"embeddable":true,"href":"https:\/\/www.sk5aa.se\/index.php?rest_route=\/wp\/v2\/users\/5"}],"replies":[{"embeddable":true,"href":"https:\/\/www.sk5aa.se\/index.php?rest_route=%2Fwp%2Fv2%2Fcomments&post=13"}],"version-history":[{"count":7,"href":"https:\/\/www.sk5aa.se\/index.php?rest_route=\/wp\/v2\/pages\/13\/revisions"}],"predecessor-version":[{"id":9216,"href":"https:\/\/www.sk5aa.se\/index.php?rest_route=\/wp\/v2\/pages\/13\/revisions\/9216"}],"up":[{"embeddable":true,"href":"https:\/\/www.sk5aa.se\/index.php?rest_route=\/wp\/v2\/pages\/2"}],"wp:attachment":[{"href":"https:\/\/www.sk5aa.se\/index.php?rest_route=%2Fwp%2Fv2%2Fmedia&parent=13"}],"curies":[{"name":"wp","href":"https:\/\/api.w.org\/{rel}","templated":true}]}}